{"id":7529,"date":"2015-08-10T19:15:08","date_gmt":"2015-08-10T17:15:08","guid":{"rendered":"http:\/\/schloendorff.deutsches-filminstitut.de\/?page_id=7529"},"modified":"2021-05-28T13:45:17","modified_gmt":"2021-05-28T11:45:17","slug":"imprint","status":"publish","type":"page","link":"https:\/\/schloendorff.deutsches-filminstitut.de\/en\/imprint\/","title":{"rendered":"Imprint"},"content":{"rendered":"<section  class='av_textblock_section av-777v61-4ee441a112bf95299351bf7e531ce9c9 '   itemscope=\"itemscope\" itemtype=\"https:\/\/schema.org\/CreativeWork\" ><div class='avia_textblock'  itemprop=\"text\" ><p><strong>Provider and Publisher<\/strong><\/p>\n<p>DFF \u2013 Deutsches Filminstitut &amp; Filmmuseum e.V.<br \/>\nSchaumainkai 41<br \/>\nDE-60596 Frankfurt am Main<\/p>\n<p><strong>Represented by<\/strong><\/p>\n<p>Ellen M. Harrington<br \/>\nAur\u00e9lio de Sousa<\/p>\n<p><strong>Contact DFF \u2013 Deutsches Filminstitut &amp; Filmmuseum e.V.<br \/>\n<\/strong><\/p>\n<p>Telephone: +49-69-961220 0<br \/>\nFax: +49-69-961220 999<br \/>\nE-Mail: info@deutsches-filminstitut.de<\/p>\n<p><strong>Contact Volker Schl\u00f6ndorff Collection<\/strong><\/p>\n<p>Collections and bequests \/ DFF \u2013 Deutsches Filminstitut &amp; Filmmuseum e.V.<br \/>\nTelephone: +49-69-961 220 -451<br \/>\nFax: +49-69-961 220 -489<br \/>\nE-Mail: sammlungen@deutsches-filminstitut.de<\/p>\n<p><strong>Register of associations<\/strong><\/p>\n<p>Local court Frankfurt am Main<br \/>\n&#8211; Register court\u00a0 \u2013<br \/>\nHeiligkreuzgasse 34<br \/>\nDE-60313 Frankfurt am Main<br \/>\n&#8211; Business number: VR 7975 \u2013<br \/>\nVAT identification number as per \u00a727 a VAT Act<br \/>\nDE 113891109<\/p>\n<p><strong>Responsible for the content in terms of the \u00a7 55(2)\u00a0<b class=\"b3\">br<\/b><b class=\"b2\">oadca<\/b><b class=\"b1\">st<\/b>ing and telecommunications treaty (RStV)<\/strong><br \/>\nEllen M. Harrington<\/p>\n<\/div><\/section>\n\n<style type=\"text\/css\" data-created_by=\"avia_inline_auto\" id=\"style-css-av-2bys9-a1cd09b880a2098ebed1bbbe79ebd2e3\">\n#top .av-special-heading.av-2bys9-a1cd09b880a2098ebed1bbbe79ebd2e3{\npadding-bottom:10px;\n}\nbody .av-special-heading.av-2bys9-a1cd09b880a2098ebed1bbbe79ebd2e3 .av-special-heading-tag .heading-char{\nfont-size:25px;\n}\n.av-special-heading.av-2bys9-a1cd09b880a2098ebed1bbbe79ebd2e3 .av-subheading{\nfont-size:15px;\n}\n<\/style>\n<div  class='av-special-heading av-2bys9-a1cd09b880a2098ebed1bbbe79ebd2e3 av-special-heading-h4 meta-heading  avia-builder-el-1  el_after_av_textblock  el_before_av_textblock '><h4 class='av-special-heading-tag'  itemprop=\"headline\"  >Virtual Exhibition of the Volker Schl\u00f6ndorff Collection<\/h4><div class=\"special-heading-border\"><div class=\"special-heading-inner-border\"><\/div><\/div><\/div>\n<section  class='av_textblock_section av-3urvhl-706fa9e342f5c3801947ec6f40e1665b '   itemscope=\"itemscope\" itemtype=\"https:\/\/schema.org\/CreativeWork\" ><div class='avia_textblock'  itemprop=\"text\" ><p><strong>Idea and project development <\/strong>Hans-Peter Reichmann<\/p>\n<p><strong>Concept and curatorial work <\/strong>Isabelle Bastian, Hans-Peter Reichmann<\/p>\n<p><strong>Implementation of the webpage <\/strong>J\u00fcrgen Kindlmann<\/p>\n<p><strong>Conception of the webpage <\/strong>Isabelle Bastian, Ann-Christin Eikenbusch, J\u00fcrgen Kindlmann, Hans-Peter Reichmann<\/p>\n<p><strong>Texts and editing\u00a0<\/strong> Isabelle Bastian, Carolin Beinroth (Music), Ann-Christin Eikenbusch, Kirsten Fl\u00f6ter (music <em>The Ninth Day<\/em>), Sonia Hamann (<em>The Ninth Day<\/em>), Corinna Koppert, Jens Paulsen, Hans-Peter Reichmann, Philipp Scheid (assistance)<\/p>\n<p><strong>Interviews with Volker Schl\u00f6ndorff <\/strong>Christiane Habich (Studiocanal GmbH), Marek Bringezu (Weltkino Filmverleih GmbH)<\/p>\n<p><strong>Selection and composition of the interviews <\/strong>Corinna Koppert<\/p>\n<p><strong>Video editing <\/strong>Mario Ahlheim, Corinna Koppert<\/p>\n<p><strong>Film sequences with excerpts from the scripts (&#8220;Collages&#8221;) <\/strong>Isabelle Bastian (idea and editing), Aline Koch (video editing and image processing)<\/p>\n<p><strong>Digitization, digital image processing <\/strong>Mario Ahlheim, Isabelle Bastian, Rebekka Dahl, Ann-Christin Eikenbusch, Sonia Hamann, Corinna Koppert, Torgil Trumpler and Elizabeth Ward<\/p>\n<p><strong>Translations:<\/strong> Elizabeth Ward, Hannah Schiffner (main texts), Vincent Neff (front page), Sina Br\u00fcckner &amp; Kirsten Fl\u00f6ter (Portfolio-Entries)<\/p>\n<p><strong>Revisions:<\/strong> Annika Schulz (2015), Sonia Hamann (2016)<\/p>\n<p><strong>IT <\/strong>Torsten Blossei, Ingo Zobel<\/p>\n<p><strong>Photographers<\/strong><\/p>\n<p><em>Young T\u00f6rless:<\/em> Karl Reiter, Alexandra Gr\u00e4fin Dohna, Angela Bohm<\/p>\n<p><em>A Degree of Murde<\/em>r: Andy Boulton, Maurice Gaulmin, Peter Kuhn, Emilio Lari, Mario Mah, Leo Mirkine, Gilles Traverso<\/p>\n<p><em>Baal<\/em>: Digne Meller Marcovicz<\/p>\n<p><em>The Sudden Wealth of the Poor People of Kombach<\/em>: Heide Maria Wei\u00df<\/p>\n<p><em>The Lost Honor of Katharina Blum<\/em>: G\u00fcnter Zint, Leo Weisse<\/p>\n<p><em>Nur zum Spa\u00df \u2013 Nur zum Spiel. Kaleidoskop Valeska Gert<\/em>: Ina Berneis, Alexander von Eschwege, Phot. Atlantic, J. v. Tucholka, Suse Byk, Erna Lendvai-Dircksen, Atelier Binder, Engelhardt &amp; H\u00fcbschmann, K\u00e4te Ruppel, Rolf Mahrenholz, Herbert Tobias<\/p>\n<p><em>The Tin Drum<\/em>: Renate von Forster, Ulla H\u00fcbner, Karl Reiter, Marilyn Stewart, Ralf Tooten, Peter Seitz<\/p>\n<p><em>The Voyager:<\/em> Lynn Davis, Martin Eberle, Jim Rakete<\/p>\n<p><em>The Legend of Rita<\/em>: Karin Rocholl<\/p>\n<p>Bundesfilmpreis 1980: Erika Rabau Cannes 1979: Mario Gurrieri and Volker Schl\u00f6ndorff<\/p>\n<p><strong>Copyright photographs:<\/strong> Volker Schl\u00f6ndorff and Photographers (unless otherwise indicated)<\/p>\n<p><strong>Copyright documents: <\/strong>DIF \/ Volker Schl\u00f6ndorff Collection (unless otherwise indicated)<\/p>\n<p><strong>Copyright citations: <\/strong>Schl\u00f6ndorff, Volker: <a href=\"http:\/\/www.dtv.de\/buecher\/licht_schatten_und_bewegung_34636.html\">Licht, Schatten und Bewegung. Mein Leben und meine Filme<\/a>, dtv: Munich 2011. <a href=\"https:\/\/www.hanser-literaturverlage.de\/buecher\/buch.html?isbn=978-3-446-23082-8\">First edition<\/a>: Carl Hanser Verlag: M\u00fcnchen 2008.<\/p>\n<p><strong>Object photography<\/strong> Uwe Dettmar<\/p>\n<p><strong>Inventory Schl\u00f6ndorff Collection \/ Bioskop-Film, Munich<\/strong> Annette Friedmann, Sabine Zulegger, Martin Strottmann (August 1997). Revisions and expansion: Val\u00e9rie Bignon (Dezember 2001), Beate Dannhorn (2006 &#8211; 2013), Isabelle Bastian (since 2014)<\/p>\n<\/div><\/section>\n<section  class='av_textblock_section av-2fi0vd-577be1dbbb01b4d14a3dc7c08e4ea08c '   itemscope=\"itemscope\" itemtype=\"https:\/\/schema.org\/CreativeWork\" ><div class='avia_textblock'  itemprop=\"text\" ><p><strong>Salvatorische Klausel<\/strong> Trotz intensiver Recherche war es nicht in allen F\u00e4llen m\u00f6glich, die Rechteinhaber aller Texte und Bilder ausfindig zu machen. Sollten wir jemanden \u00fcbersehen haben, bitten wir, sich beim Deutschen Filminstitut in Frankfurt am Main zu melden. <strong>Haftungsausschluss<\/strong> Haftung f\u00fcr Inhalte Die Inhalte unserer Seiten wurden mit gr\u00f6\u00dfter Sorgfalt erstellt. F\u00fcr die Richtigkeit, Vollst\u00e4ndigkeit und Aktualit\u00e4t der Inhalte k\u00f6nnen wir jedoch keine Gew\u00e4hr \u00fcbernehmen. Als Diensteanbieter sind wir gem\u00e4\u00df \u00a7 7 Abs.1 TMG f\u00fcr eigene Inhalte auf diesen Seiten nach den allgemeinen Gesetzen verantwortlich. Nach \u00a7\u00a7 8 bis 10 TMG sind wir als Diensteanbieter jedoch nicht verpflichtet, \u00fcbermittelte oder gespeicherte fremde Informationen zu \u00fcberwachen oder nach Umst\u00e4nden zu forschen, die auf eine rechtswidrige T\u00e4tigkeit hinweisen. Verpflichtungen zur Entfernung oder Sperrung der Nutzung von Informationen nach den allgemeinen Gesetzen bleiben hiervon unber\u00fchrt. Eine diesbez\u00fcgliche Haftung ist jedoch erst ab dem Zeitpunkt der Kenntnis einer konkreten Rechtsverletzung m\u00f6glich. Bei Bekanntwerden von entsprechenden Rechtsverletzungen werden wir diese Inhalte umgehend entfernen. Haftung f\u00fcr Links Unser Angebot enth\u00e4lt Links zu externen Webseiten Dritter, auf deren Inhalte wir keinen Einfluss haben. Deshalb k\u00f6nnen wir f\u00fcr diese fremden Inhalte auch keine Gew\u00e4hr \u00fcbernehmen. F\u00fcr die Inhalte der verlinkten Seiten ist stets der jeweilige Anbieter oder Betreiber der Seiten verantwortlich. Die verlinkten Seiten wurden zum Zeitpunkt der Verlinkung auf m\u00f6gliche Rechtsverst\u00f6\u00dfe \u00fcberpr\u00fcft. Rechtswidrige Inhalte waren zum Zeitpunkt der Verlinkung nicht erkennbar. Eine permanente inhaltliche Kontrolle der verlinkten Seiten ist jedoch ohne konkrete Anhaltspunkte einer Rechtsverletzung nicht zumutbar. Bei Bekanntwerden von Rechtsverletzungen werden wir derartige Links umgehend entfernen. Urheberrecht Die durch die Seitenbetreiber erstellten Inhalte und Werke auf diesen Seiten unterliegen dem deutschen Urheberrecht. Die Vervielf\u00e4ltigung, Bearbeitung, Verbreitung und jede Art der Verwertung au\u00dferhalb der Grenzen des Urheberrechtes bed\u00fcrfen der schriftlichen Zustimmung des jeweiligen Autors bzw. Erstellers. Downloads und Kopien dieser Seite sind nur f\u00fcr den privaten, nicht kommerziellen Gebrauch gestattet. Soweit die Inhalte auf dieser Seite nicht vom Betreiber erstellt wurden, werden die Urheberrechte Dritter beachtet. Insbesondere werden Inhalte Dritter als solche gekennzeichnet. Sollten Sie trotzdem auf eine Urheberrechtsverletzung aufmerksam werden, bitten wir um einen entsprechenden Hinweis. Bei Bekanntwerden von Rechtsverletzungen werden wir derartige Inhalte umgehend entfernen. Datenschutz Die Nutzung unserer Webseite ist in der Regel ohne Angabe personenbezogener Daten m\u00f6glich. Soweit auf unseren Seiten personenbezogene Daten (beispielsweise Name, Anschrift oder eMail-Adressen) erhoben werden, erfolgt dies, soweit m\u00f6glich, stets auf freiwilliger Basis. Diese Daten werden ohne Ihre ausdr\u00fcckliche Zustimmung nicht an Dritte weitergegeben. Wir weisen darauf hin, dass die Daten\u00fcbertragung im Internet (z.B. bei der Kommunikation per E-Mail) Sicherheitsl\u00fccken aufweisen kann. Ein l\u00fcckenloser Schutz der Daten vor dem Zugriff durch Dritte ist nicht m\u00f6glich. Der Nutzung von im Rahmen der Impressumspflicht ver\u00f6ffentlichten Kontaktdaten durch Dritte zur \u00dcbersendung von nicht ausdr\u00fccklich angeforderter Werbung und Informationsmaterialien wird hiermit ausdr\u00fccklich widersprochen. Die Betreiber der Seiten behalten sich ausdr\u00fccklich rechtliche Schritte im Falle der unverlangten Zusendung von Werbeinformationen, etwa durch Spam-Mails, vor. Datenschutzerkl\u00e4rung f\u00fcr die Nutzung von Facebook-Plugins (Like-Button) Auf unseren Seiten sind Plugins des sozialen Netzwerks Facebook, 1601 South California Avenue, Palo Alto, CA 94304, USA integriert. Die Facebook-Plugins erkennen Sie an dem Facebook-Logo oder dem \u201cLike-Button\u201d (\u201cGef\u00e4llt mir\u201d) auf unserer Seite. Eine \u00dcbersicht \u00fcber die Facebook-Plugins finden Sie hier: http:\/\/developers.facebook.com\/docs\/plugins\/. Wenn Sie unsere Seiten besuchen, wird \u00fcber das Plugin eine direkte Verbindung zwischen Ihrem Browser und dem Facebook-Server hergestellt. Facebook erh\u00e4lt dadurch die Information, dass Sie mit Ihrer IP-Adresse unsere Seite besucht haben. Wenn Sie den Facebook \u201cLike-Button\u201d anklicken w\u00e4hrend Sie in Ihrem Facebook-Account eingeloggt sind, k\u00f6nnen Sie die Inhalte unserer Seiten auf Ihrem Facebook-Profil verlinken. Dadurch kann Facebook den Besuch unserer Seiten Ihrem Benutzerkonto zuordnen. Wir weisen darauf hin, dass wir als Anbieter der Seiten keine Kenntnis vom Inhalt der \u00fcbermittelten Daten sowie deren Nutzung durch Facebook erhalten. Weitere Informationen hierzu finden Sie in der Datenschutzerkl\u00e4rung von facebook unter http:\/\/de-de.facebook.com\/policy.php Wenn Sie nicht w\u00fcnschen, dass Facebook den Besuch unserer Seiten Ihrem Facebook-Nutzerkonto zuordnen kann, loggen Sie sich bitte aus Ihrem Facebook-Benutzerkonto aus. Datenschutzerkl\u00e4rung f\u00fcr die Nutzung von Google Analytics Diese Website benutzt Google Analytics, einen Webanalysedienst der Google Inc. (\u201cGoogle\u201d). Google Analytics verwendet sog. \u201cCookies\u201d, Textdateien, die auf Ihrem Computer gespeichert werden und die eine Analyse der Benutzung der Website durch Sie erm\u00f6glicht. Die durch den Cookie erzeugten Informationen \u00fcber Ihre Benutzung dieser Website (einschlie\u00dflich Ihrer IP-Adresse) wird an einen Server von Google in den USA \u00fcbertragen und dort gespeichert. Google wird diese Informationen benutzen, um Ihre Nutzung der Website auszuwerten, um Reports \u00fcber die Websiteaktivit\u00e4ten f\u00fcr die Websitebetreiber zusammenzustellen und um weitere mit der Websitenutzung und der Internetnutzung verbundene Dienstleistungen zu erbringen. Auch wird Google diese Informationen gegebenenfalls an Dritte \u00fcbertragen, sofern dies gesetzlich vorgeschrieben ist oder soweit Dritte diese Daten im Auftrag von Google verarbeiten. Google wird in keinem Fall Ihre IP-Adresse mit anderen Daten der Google Inc. in Verbindung bringen. Sie k\u00f6nnen die Installation der Cookies durch eine entsprechende Einstellung Ihrer Browser Software verhindern; wir weisen Sie jedoch darauf hin, dass Sie in diesem Fall gegebenenfalls nicht s\u00e4mtliche Funktionen dieser Website voll umf\u00e4nglich nutzen k\u00f6nnen. Durch die Nutzung dieser Website erkl\u00e4ren Sie sich mit der Bearbeitung der \u00fcber Sie erhobenen Daten durch Google in der zuvor beschriebenen Art und Weise und zu dem zuvor benannten Zweck einverstanden. Angaben gem\u00e4\u00df \u00a7 5 TMG<\/p>\n<\/div><\/section>\n","protected":false},"excerpt":{"rendered":"","protected":false},"author":3,"featured_media":0,"parent":0,"menu_order":0,"comment_status":"closed","ping_status":"closed","template":"","meta":{"footnotes":""},"class_list":["post-7529","page","type-page","status-publish","hentry"],"yoast_head":"<!-- This site is optimized with the Yoast SEO plugin v26.1.1 - https:\/\/yoast.com\/wordpress\/plugins\/seo\/ -->\n<title>Imprint - Sammlung Volker Schl\u00f6ndorff<\/title>\n<meta name=\"robots\" content=\"index, follow, max-snippet:-1, max-image-preview:large, max-video-preview:-1\" \/>\n<link rel=\"canonical\" href=\"https:\/\/schloendorff.deutsches-filminstitut.de\/imprint\/\" \/>\n<meta property=\"og:locale\" content=\"en_US\" \/>\n<meta property=\"og:type\" content=\"article\" \/>\n<meta property=\"og:title\" content=\"Imprint - Sammlung Volker Schl\u00f6ndorff\" \/>\n<meta property=\"og:url\" content=\"https:\/\/schloendorff.deutsches-filminstitut.de\/imprint\/\" \/>\n<meta property=\"og:site_name\" content=\"Sammlung Volker Schl\u00f6ndorff\" \/>\n<meta property=\"article:modified_time\" content=\"2021-05-28T11:45:17+00:00\" \/>\n<meta name=\"twitter:card\" content=\"summary_large_image\" \/>\n<meta name=\"twitter:label1\" content=\"Est. reading time\" \/>\n\t<meta name=\"twitter:data1\" content=\"8 minutes\" \/>\n<script type=\"application\/ld+json\" class=\"yoast-schema-graph\">{\"@context\":\"https:\/\/schema.org\",\"@graph\":[{\"@type\":\"WebPage\",\"@id\":\"https:\/\/schloendorff.deutsches-filminstitut.de\/imprint\/\",\"url\":\"https:\/\/schloendorff.deutsches-filminstitut.de\/imprint\/\",\"name\":\"Imprint - Sammlung Volker Schl\u00f6ndorff\",\"isPartOf\":{\"@id\":\"https:\/\/schloendorff.deutsches-filminstitut.de\/#website\"},\"datePublished\":\"2015-08-10T17:15:08+00:00\",\"dateModified\":\"2021-05-28T11:45:17+00:00\",\"breadcrumb\":{\"@id\":\"https:\/\/schloendorff.deutsches-filminstitut.de\/imprint\/#breadcrumb\"},\"inLanguage\":\"en-US\",\"potentialAction\":[{\"@type\":\"ReadAction\",\"target\":[\"https:\/\/schloendorff.deutsches-filminstitut.de\/imprint\/\"]}]},{\"@type\":\"BreadcrumbList\",\"@id\":\"https:\/\/schloendorff.deutsches-filminstitut.de\/imprint\/#breadcrumb\",\"itemListElement\":[{\"@type\":\"ListItem\",\"position\":1,\"name\":\"Startseite\",\"item\":\"https:\/\/schloendorff.deutsches-filminstitut.de\/home\/\"},{\"@type\":\"ListItem\",\"position\":2,\"name\":\"Imprint\"}]},{\"@type\":\"WebSite\",\"@id\":\"https:\/\/schloendorff.deutsches-filminstitut.de\/#website\",\"url\":\"https:\/\/schloendorff.deutsches-filminstitut.de\/\",\"name\":\"Sammlung Volker Schl\u00f6ndorff\",\"description\":\"Eine virtuelle Ausstellung des Deutschen Filminstituts\",\"publisher\":{\"@id\":\"https:\/\/schloendorff.deutsches-filminstitut.de\/#organization\"},\"potentialAction\":[{\"@type\":\"SearchAction\",\"target\":{\"@type\":\"EntryPoint\",\"urlTemplate\":\"https:\/\/schloendorff.deutsches-filminstitut.de\/?s={search_term_string}\"},\"query-input\":{\"@type\":\"PropertyValueSpecification\",\"valueRequired\":true,\"valueName\":\"search_term_string\"}}],\"inLanguage\":\"en-US\"},{\"@type\":\"Organization\",\"@id\":\"https:\/\/schloendorff.deutsches-filminstitut.de\/#organization\",\"name\":\"Sammlung Volker Schl\u00f6ndorff\",\"url\":\"https:\/\/schloendorff.deutsches-filminstitut.de\/\",\"logo\":{\"@type\":\"ImageObject\",\"inLanguage\":\"en-US\",\"@id\":\"https:\/\/schloendorff.deutsches-filminstitut.de\/#\/schema\/logo\/image\/\",\"url\":\"https:\/\/schloendorff.deutsches-filminstitut.de\/medien\/2023\/01\/cropped-dff-512x512px.png\",\"contentUrl\":\"https:\/\/schloendorff.deutsches-filminstitut.de\/medien\/2023\/01\/cropped-dff-512x512px.png\",\"width\":512,\"height\":512,\"caption\":\"Sammlung Volker Schl\u00f6ndorff\"},\"image\":{\"@id\":\"https:\/\/schloendorff.deutsches-filminstitut.de\/#\/schema\/logo\/image\/\"}}]}<\/script>\n<!-- \/ Yoast SEO plugin. -->","yoast_head_json":{"title":"Imprint - Sammlung Volker Schl\u00f6ndorff","robots":{"index":"index","follow":"follow","max-snippet":"max-snippet:-1","max-image-preview":"max-image-preview:large","max-video-preview":"max-video-preview:-1"},"canonical":"https:\/\/schloendorff.deutsches-filminstitut.de\/imprint\/","og_locale":"en_US","og_type":"article","og_title":"Imprint - Sammlung Volker Schl\u00f6ndorff","og_url":"https:\/\/schloendorff.deutsches-filminstitut.de\/imprint\/","og_site_name":"Sammlung Volker Schl\u00f6ndorff","article_modified_time":"2021-05-28T11:45:17+00:00","twitter_card":"summary_large_image","twitter_misc":{"Est. reading time":"8 minutes"},"schema":{"@context":"https:\/\/schema.org","@graph":[{"@type":"WebPage","@id":"https:\/\/schloendorff.deutsches-filminstitut.de\/imprint\/","url":"https:\/\/schloendorff.deutsches-filminstitut.de\/imprint\/","name":"Imprint - Sammlung Volker Schl\u00f6ndorff","isPartOf":{"@id":"https:\/\/schloendorff.deutsches-filminstitut.de\/#website"},"datePublished":"2015-08-10T17:15:08+00:00","dateModified":"2021-05-28T11:45:17+00:00","breadcrumb":{"@id":"https:\/\/schloendorff.deutsches-filminstitut.de\/imprint\/#breadcrumb"},"inLanguage":"en-US","potentialAction":[{"@type":"ReadAction","target":["https:\/\/schloendorff.deutsches-filminstitut.de\/imprint\/"]}]},{"@type":"BreadcrumbList","@id":"https:\/\/schloendorff.deutsches-filminstitut.de\/imprint\/#breadcrumb","itemListElement":[{"@type":"ListItem","position":1,"name":"Startseite","item":"https:\/\/schloendorff.deutsches-filminstitut.de\/home\/"},{"@type":"ListItem","position":2,"name":"Imprint"}]},{"@type":"WebSite","@id":"https:\/\/schloendorff.deutsches-filminstitut.de\/#website","url":"https:\/\/schloendorff.deutsches-filminstitut.de\/","name":"Sammlung Volker Schl\u00f6ndorff","description":"Eine virtuelle Ausstellung des Deutschen Filminstituts","publisher":{"@id":"https:\/\/schloendorff.deutsches-filminstitut.de\/#organization"},"potentialAction":[{"@type":"SearchAction","target":{"@type":"EntryPoint","urlTemplate":"https:\/\/schloendorff.deutsches-filminstitut.de\/?s={search_term_string}"},"query-input":{"@type":"PropertyValueSpecification","valueRequired":true,"valueName":"search_term_string"}}],"inLanguage":"en-US"},{"@type":"Organization","@id":"https:\/\/schloendorff.deutsches-filminstitut.de\/#organization","name":"Sammlung Volker Schl\u00f6ndorff","url":"https:\/\/schloendorff.deutsches-filminstitut.de\/","logo":{"@type":"ImageObject","inLanguage":"en-US","@id":"https:\/\/schloendorff.deutsches-filminstitut.de\/#\/schema\/logo\/image\/","url":"https:\/\/schloendorff.deutsches-filminstitut.de\/medien\/2023\/01\/cropped-dff-512x512px.png","contentUrl":"https:\/\/schloendorff.deutsches-filminstitut.de\/medien\/2023\/01\/cropped-dff-512x512px.png","width":512,"height":512,"caption":"Sammlung Volker Schl\u00f6ndorff"},"image":{"@id":"https:\/\/schloendorff.deutsches-filminstitut.de\/#\/schema\/logo\/image\/"}}]}},"_links":{"self":[{"href":"https:\/\/schloendorff.deutsches-filminstitut.de\/en\/wp-json\/wp\/v2\/pages\/7529","targetHints":{"allow":["GET"]}}],"collection":[{"href":"https:\/\/schloendorff.deutsches-filminstitut.de\/en\/wp-json\/wp\/v2\/pages"}],"about":[{"href":"https:\/\/schloendorff.deutsches-filminstitut.de\/en\/wp-json\/wp\/v2\/types\/page"}],"author":[{"embeddable":true,"href":"https:\/\/schloendorff.deutsches-filminstitut.de\/en\/wp-json\/wp\/v2\/users\/3"}],"replies":[{"embeddable":true,"href":"https:\/\/schloendorff.deutsches-filminstitut.de\/en\/wp-json\/wp\/v2\/comments?post=7529"}],"version-history":[{"count":15,"href":"https:\/\/schloendorff.deutsches-filminstitut.de\/en\/wp-json\/wp\/v2\/pages\/7529\/revisions"}],"predecessor-version":[{"id":17626,"href":"https:\/\/schloendorff.deutsches-filminstitut.de\/en\/wp-json\/wp\/v2\/pages\/7529\/revisions\/17626"}],"wp:attachment":[{"href":"https:\/\/schloendorff.deutsches-filminstitut.de\/en\/wp-json\/wp\/v2\/media?parent=7529"}],"curies":[{"name":"wp","href":"https:\/\/api.w.org\/{rel}","templated":true}]}}